{"id":2407,"date":"2021-06-16T11:42:10","date_gmt":"2021-06-16T09:42:10","guid":{"rendered":"https:\/\/proo.ottensheim.at\/html\/?page_id=2407"},"modified":"2021-11-12T18:27:19","modified_gmt":"2021-11-12T17:27:19","slug":"pro-o-unterstuetzen","status":"publish","type":"page","link":"https:\/\/proo.ottensheim.at\/html\/pro-o-unterstuetzen\/","title":{"rendered":"pro O. finanziell unterst\u00fctzen"},"content":{"rendered":"\n<p>Seit der Gr\u00fcndung der B\u00fcrger*innenliste gilt bei pro O. das Prinzip der Selbstfinanzierung. Bisher wurde der Etat aus den Sitzungsbeitr\u00e4gen der Mandatare, den Schulungsgeldern des Landes und den Einnahmen aus diversen Veranstaltungen (z.B. Marillen aus der Wachau, Openair Kino) gespeist. Im Gegensatz zu einer Partei gibt es bei uns keinen verpflichtenden Mitgliedsbeitrag und auch kein Geld aus der Parteienf\u00f6rderung. Mit Beginn der gerade ablaufenden Legislaturperiode wurden leider die Schulungsgelder der BH Urfahr gestrichen, was uns in unserer Selbstfinanzierung und Eigenverantwortung nur noch mehr motiviert.<\/p>\n\n\n\n<p>Wir verstehen uns als B\u00fcrger*innenliste, in die sich jede\/r mit ihren\/seinen pers\u00f6nlichen Ressourcen einbringt. Manche machen das in Form von aktiver Gemeindearbeit in den Aussch\u00fcssen und im Gemeinderat, andere stellen ihre Zeit, ihr Wissen, ihr K\u00f6nnen und ihre besonderen Talente im Hintergrund zur Verf\u00fcgung.<\/p>\n\n\n\n<p><strong>Andere bringen sich finanziell ein \u2013 und aus diesem Grunde d\u00fcrfen wir uns auch an dich wenden.<\/strong><\/p>\n\n\n\n<p>Wenn Du pro O. finanziell unterst\u00fctzen m\u00f6chtest, kannst Du das jetzt auf ganz einfache Weise mittels Dauerauftrag oder Einmal\u00fcberweisung mit dem Verwendungszweck \u201c<em>Meine Unterst\u00fctzung f\u00fcr pro O.<\/em>&#8220; tun. <\/p>\n\n\n\n<p>Herzlichen Dank im Voraus!<\/p>\n\n\n\n<hr class=\"wp-block-separator\"\/>\n\n\n\n<p><strong>Bankverbindung<\/strong><br>Allgemeine Sparkasse O\u00d6 Bank AG<br>IBAN: AT30 2032 0029 0200 9271<br>BIC: ASPKAT2LXXX<\/p>\n\n\n\n<hr class=\"wp-block-separator\"\/>\n\n\n\n<div class=\"wp-block-image\"><figure class=\"aligncenter size-large is-resized\"><img loading=\"lazy\" decoding=\"async\" src=\"https:\/\/proo.ottensheim.at\/html\/wp-content\/uploads\/2021\/06\/pro-spende.png\" alt=\"\" class=\"wp-image-2436\" width=\"224\" height=\"224\" srcset=\"https:\/\/proo.ottensheim.at\/html\/wp-content\/uploads\/2021\/06\/pro-spende.png 897w, https:\/\/proo.ottensheim.at\/html\/wp-content\/uploads\/2021\/06\/pro-spende-300x300.png 300w, https:\/\/proo.ottensheim.at\/html\/wp-content\/uploads\/2021\/06\/pro-spende-150x150.png 150w, https:\/\/proo.ottensheim.at\/html\/wp-content\/uploads\/2021\/06\/pro-spende-768x768.png 768w, https:\/\/proo.ottensheim.at\/html\/wp-content\/uploads\/2021\/06\/pro-spende-270x270.png 270w\" sizes=\"auto, (max-width: 224px) 100vw, 224px\" \/><figcaption>Diesen Code mit der Banking App scannen, Betrag festlegen, fertig.<\/figcaption><\/figure><\/div>\n\n\n\n<p><\/p>\n<div class=\"shariff shariff-align-center shariff-widget-align-flex-start\" data-services=\"facebook\" data-url=\"https%3A%2F%2Fproo.ottensheim.at%2Fhtml%2Fpro-o-unterstuetzen%2F\" data-timestamp=\"1636741639\" data-hidezero=\"1\" data-backendurl=\"https:\/\/proo.ottensheim.at\/html\/wp-json\/shariff\/v1\/share_counts?\"><ul class=\"shariff-buttons theme-white orientation-horizontal buttonsize-small\"><li class=\"shariff-button facebook shariff-nocustomcolor\" style=\"background-color:#4273c8\"><a href=\"https:\/\/www.facebook.com\/sharer\/sharer.php?u=https%3A%2F%2Fproo.ottensheim.at%2Fhtml%2Fpro-o-unterstuetzen%2F\" title=\"Bei Facebook teilen\" aria-label=\"Bei Facebook teilen\" role=\"button\" rel=\"nofollow\" class=\"shariff-link\" style=\"; background-color:#3b5998; color:#3b5998\" target=\"_blank\"><span class=\"shariff-icon\" style=\"fill:#3b5998\"><svg width=\"32px\" height=\"20px\" xmlns=\"http:\/\/www.w3.org\/2000\/svg\" viewBox=\"0 0 18 32\"><path fill=\"#3b5998\" d=\"M17.1 0.2v4.7h-2.8q-1.5 0-2.1 0.6t-0.5 1.9v3.4h5.2l-0.7 5.3h-4.5v13.6h-5.5v-13.6h-4.5v-5.3h4.5v-3.9q0-3.3 1.9-5.2t5-1.8q2.6 0 4.1 0.2z\"\/><\/svg><\/span><span class=\"shariff-text\" style=\"color:#3b5998\">teilen<\/span>&nbsp;<span data-service=\"facebook\" style=\"color:#3b5998\" class=\"shariff-count shariff-hidezero\"><\/span>&nbsp;<\/a><\/li><li class=\"shariff-button bluesky shariff-nocustomcolor\" style=\"background-color:#84c4ff\"><a href=\"https:\/\/bsky.app\/intent\/compose?text=pro%20O.%20finanziell%20unterst%C3%BCtzen https%3A%2F%2Fproo.ottensheim.at%2Fhtml%2Fpro-o-unterstuetzen%2F \" title=\"Bei Bluesky teilen\" aria-label=\"Bei Bluesky teilen\" role=\"button\" rel=\"noopener nofollow\" class=\"shariff-link\" style=\"; background-color:#0085ff; color:#0085ff\" target=\"_blank\"><span class=\"shariff-icon\" style=\"fill:#0085ff\"><svg width=\"20\" height=\"20\" version=\"1.1\" xmlns=\"http:\/\/www.w3.org\/2000\/svg\" viewBox=\"0 0 20 20\"><path class=\"st0\" d=\"M4.89,3.12c2.07,1.55,4.3,4.71,5.11,6.4.82-1.69,3.04-4.84,5.11-6.4,1.49-1.12,3.91-1.99,3.91.77,0,.55-.32,4.63-.5,5.3-.64,2.3-2.99,2.89-5.08,2.54,3.65.62,4.58,2.68,2.57,4.74-3.81,3.91-5.48-.98-5.9-2.23-.08-.23-.11-.34-.12-.25,0-.09-.04.02-.12.25-.43,1.25-2.09,6.14-5.9,2.23-2.01-2.06-1.08-4.12,2.57-4.74-2.09.36-4.44-.23-5.08-2.54-.19-.66-.5-4.74-.5-5.3,0-2.76,2.42-1.89,3.91-.77h0Z\"\/><\/svg><\/span><span class=\"shariff-text\" style=\"color:#0085ff\">teilen<\/span>&nbsp;<\/a><\/li><li class=\"shariff-button whatsapp shariff-nocustomcolor shariff-mobile\" style=\"background-color:#5cbe4a\"><a href=\"https:\/\/api.whatsapp.com\/send?text=https%3A%2F%2Fproo.ottensheim.at%2Fhtml%2Fpro-o-unterstuetzen%2F%20pro%20O.%20finanziell%20unterst%C3%BCtzen\" title=\"Bei Whatsapp teilen\" aria-label=\"Bei Whatsapp teilen\" role=\"button\" rel=\"noopener nofollow\" class=\"shariff-link\" style=\"; background-color:#34af23; color:#34af23\" target=\"_blank\"><span class=\"shariff-icon\" style=\"fill:#34af23\"><svg width=\"32px\" height=\"20px\" xmlns=\"http:\/\/www.w3.org\/2000\/svg\" viewBox=\"0 0 32 32\"><path fill=\"#34af23\" d=\"M17.6 17.4q0.2 0 1.7 0.8t1.6 0.9q0 0.1 0 0.3 0 0.6-0.3 1.4-0.3 0.7-1.3 1.2t-1.8 0.5q-1 0-3.4-1.1-1.7-0.8-3-2.1t-2.6-3.3q-1.3-1.9-1.3-3.5v-0.1q0.1-1.6 1.3-2.8 0.4-0.4 0.9-0.4 0.1 0 0.3 0t0.3 0q0.3 0 0.5 0.1t0.3 0.5q0.1 0.4 0.6 1.6t0.4 1.3q0 0.4-0.6 1t-0.6 0.8q0 0.1 0.1 0.3 0.6 1.3 1.8 2.4 1 0.9 2.7 1.8 0.2 0.1 0.4 0.1 0.3 0 1-0.9t0.9-0.9zM14 26.9q2.3 0 4.3-0.9t3.6-2.4 2.4-3.6 0.9-4.3-0.9-4.3-2.4-3.6-3.6-2.4-4.3-0.9-4.3 0.9-3.6 2.4-2.4 3.6-0.9 4.3q0 3.6 2.1 6.6l-1.4 4.2 4.3-1.4q2.8 1.9 6.2 1.9zM14 2.2q2.7 0 5.2 1.1t4.3 2.9 2.9 4.3 1.1 5.2-1.1 5.2-2.9 4.3-4.3 2.9-5.2 1.1q-3.5 0-6.5-1.7l-7.4 2.4 2.4-7.2q-1.9-3.2-1.9-6.9 0-2.7 1.1-5.2t2.9-4.3 4.3-2.9 5.2-1.1z\"\/><\/svg><\/span><span class=\"shariff-text\" style=\"color:#34af23\">teilen<\/span>&nbsp;<\/a><\/li><li class=\"shariff-button mailto shariff-nocustomcolor\" style=\"background-color:#a8a8a8\"><a href=\"mailto:?body=https%3A%2F%2Fproo.ottensheim.at%2Fhtml%2Fpro-o-unterstuetzen%2F&subject=pro%20O.%20finanziell%20unterst%C3%BCtzen\" title=\"Per E-Mail versenden\" aria-label=\"Per E-Mail versenden\" role=\"button\" rel=\"noopener nofollow\" class=\"shariff-link\" style=\"; background-color:#999; color:#999\"><span class=\"shariff-icon\" style=\"fill:#999\"><svg width=\"32px\" height=\"20px\" xmlns=\"http:\/\/www.w3.org\/2000\/svg\" viewBox=\"0 0 32 32\"><path fill=\"#999\" d=\"M32 12.7v14.2q0 1.2-0.8 2t-2 0.9h-26.3q-1.2 0-2-0.9t-0.8-2v-14.2q0.8 0.9 1.8 1.6 6.5 4.4 8.9 6.1 1 0.8 1.6 1.2t1.7 0.9 2 0.4h0.1q0.9 0 2-0.4t1.7-0.9 1.6-1.2q3-2.2 8.9-6.1 1-0.7 1.8-1.6zM32 7.4q0 1.4-0.9 2.7t-2.2 2.2q-6.7 4.7-8.4 5.8-0.2 0.1-0.7 0.5t-1 0.7-0.9 0.6-1.1 0.5-0.9 0.2h-0.1q-0.4 0-0.9-0.2t-1.1-0.5-0.9-0.6-1-0.7-0.7-0.5q-1.6-1.1-4.7-3.2t-3.6-2.6q-1.1-0.7-2.1-2t-1-2.5q0-1.4 0.7-2.3t2.1-0.9h26.3q1.2 0 2 0.8t0.9 2z\"\/><\/svg><\/span><span class=\"shariff-text\" style=\"color:#999\">E-Mail<\/span>&nbsp;<\/a><\/li><\/ul><\/div>","protected":false},"excerpt":{"rendered":"<p>Seit der Gr\u00fcndung der B\u00fcrger*innenliste gilt bei pro O. das Prinzip der Selbstfinanzierung. Bisher wurde der Etat aus den Sitzungsbeitr\u00e4gen der Mandatare, den Schulungsgeldern des Landes und den Einnahmen aus diversen Veranstaltungen (z.B. Marillen aus der Wachau, Openair Kino) gespeist. Im Gegensatz zu einer Partei gibt es bei uns keinen verpflichtenden Mitgliedsbeitrag und auch kein Geld aus der Parteienf\u00f6rderung. Mit Beginn der gerade ablaufenden Legislaturperiode wurden leider die Schulungsgelder der BH Urfahr gestrichen, was uns in unserer Selbstfinanzierung und Eigenverantwortung&#8230;<\/p>\n<p class=\"read-more\"><a class=\"btn btn-default\" href=\"https:\/\/proo.ottensheim.at\/html\/pro-o-unterstuetzen\/\">Weiterlesen<span class=\"screen-reader-text\"> Weiterlesen<\/span><\/a><\/p>\n<div class=\"shariff shariff-align-center shariff-widget-align-flex-start\" data-services=\"facebook\" data-url=\"https%3A%2F%2Fproo.ottensheim.at%2Fhtml%2Fpro-o-unterstuetzen%2F\" data-timestamp=\"1636741639\" data-hidezero=\"1\" data-backendurl=\"https:\/\/proo.ottensheim.at\/html\/wp-json\/shariff\/v1\/share_counts?\"><ul class=\"shariff-buttons theme-white orientation-horizontal buttonsize-small\"><li class=\"shariff-button facebook shariff-nocustomcolor\" style=\"background-color:#4273c8\"><a href=\"https:\/\/www.facebook.com\/sharer\/sharer.php?u=https%3A%2F%2Fproo.ottensheim.at%2Fhtml%2Fpro-o-unterstuetzen%2F\" title=\"Bei Facebook teilen\" aria-label=\"Bei Facebook teilen\" role=\"button\" rel=\"nofollow\" class=\"shariff-link\" style=\"; background-color:#3b5998; color:#3b5998\" target=\"_blank\"><span class=\"shariff-icon\" style=\"fill:#3b5998\"><svg width=\"32px\" height=\"20px\" xmlns=\"http:\/\/www.w3.org\/2000\/svg\" viewBox=\"0 0 18 32\"><path fill=\"#3b5998\" d=\"M17.1 0.2v4.7h-2.8q-1.5 0-2.1 0.6t-0.5 1.9v3.4h5.2l-0.7 5.3h-4.5v13.6h-5.5v-13.6h-4.5v-5.3h4.5v-3.9q0-3.3 1.9-5.2t5-1.8q2.6 0 4.1 0.2z\"\/><\/svg><\/span><span class=\"shariff-text\" style=\"color:#3b5998\">teilen<\/span>&nbsp;<span data-service=\"facebook\" style=\"color:#3b5998\" class=\"shariff-count shariff-hidezero\"><\/span>&nbsp;<\/a><\/li><li class=\"shariff-button bluesky shariff-nocustomcolor\" style=\"background-color:#84c4ff\"><a href=\"https:\/\/bsky.app\/intent\/compose?text=pro%20O.%20finanziell%20unterst%C3%BCtzen https%3A%2F%2Fproo.ottensheim.at%2Fhtml%2Fpro-o-unterstuetzen%2F \" title=\"Bei Bluesky teilen\" aria-label=\"Bei Bluesky teilen\" role=\"button\" rel=\"noopener nofollow\" class=\"shariff-link\" style=\"; background-color:#0085ff; color:#0085ff\" target=\"_blank\"><span class=\"shariff-icon\" style=\"fill:#0085ff\"><svg width=\"20\" height=\"20\" version=\"1.1\" xmlns=\"http:\/\/www.w3.org\/2000\/svg\" viewBox=\"0 0 20 20\"><path class=\"st0\" d=\"M4.89,3.12c2.07,1.55,4.3,4.71,5.11,6.4.82-1.69,3.04-4.84,5.11-6.4,1.49-1.12,3.91-1.99,3.91.77,0,.55-.32,4.63-.5,5.3-.64,2.3-2.99,2.89-5.08,2.54,3.65.62,4.58,2.68,2.57,4.74-3.81,3.91-5.48-.98-5.9-2.23-.08-.23-.11-.34-.12-.25,0-.09-.04.02-.12.25-.43,1.25-2.09,6.14-5.9,2.23-2.01-2.06-1.08-4.12,2.57-4.74-2.09.36-4.44-.23-5.08-2.54-.19-.66-.5-4.74-.5-5.3,0-2.76,2.42-1.89,3.91-.77h0Z\"\/><\/svg><\/span><span class=\"shariff-text\" style=\"color:#0085ff\">teilen<\/span>&nbsp;<\/a><\/li><li class=\"shariff-button whatsapp shariff-nocustomcolor shariff-mobile\" style=\"background-color:#5cbe4a\"><a href=\"https:\/\/api.whatsapp.com\/send?text=https%3A%2F%2Fproo.ottensheim.at%2Fhtml%2Fpro-o-unterstuetzen%2F%20pro%20O.%20finanziell%20unterst%C3%BCtzen\" title=\"Bei Whatsapp teilen\" aria-label=\"Bei Whatsapp teilen\" role=\"button\" rel=\"noopener nofollow\" class=\"shariff-link\" style=\"; background-color:#34af23; color:#34af23\" target=\"_blank\"><span class=\"shariff-icon\" style=\"fill:#34af23\"><svg width=\"32px\" height=\"20px\" xmlns=\"http:\/\/www.w3.org\/2000\/svg\" viewBox=\"0 0 32 32\"><path fill=\"#34af23\" d=\"M17.6 17.4q0.2 0 1.7 0.8t1.6 0.9q0 0.1 0 0.3 0 0.6-0.3 1.4-0.3 0.7-1.3 1.2t-1.8 0.5q-1 0-3.4-1.1-1.7-0.8-3-2.1t-2.6-3.3q-1.3-1.9-1.3-3.5v-0.1q0.1-1.6 1.3-2.8 0.4-0.4 0.9-0.4 0.1 0 0.3 0t0.3 0q0.3 0 0.5 0.1t0.3 0.5q0.1 0.4 0.6 1.6t0.4 1.3q0 0.4-0.6 1t-0.6 0.8q0 0.1 0.1 0.3 0.6 1.3 1.8 2.4 1 0.9 2.7 1.8 0.2 0.1 0.4 0.1 0.3 0 1-0.9t0.9-0.9zM14 26.9q2.3 0 4.3-0.9t3.6-2.4 2.4-3.6 0.9-4.3-0.9-4.3-2.4-3.6-3.6-2.4-4.3-0.9-4.3 0.9-3.6 2.4-2.4 3.6-0.9 4.3q0 3.6 2.1 6.6l-1.4 4.2 4.3-1.4q2.8 1.9 6.2 1.9zM14 2.2q2.7 0 5.2 1.1t4.3 2.9 2.9 4.3 1.1 5.2-1.1 5.2-2.9 4.3-4.3 2.9-5.2 1.1q-3.5 0-6.5-1.7l-7.4 2.4 2.4-7.2q-1.9-3.2-1.9-6.9 0-2.7 1.1-5.2t2.9-4.3 4.3-2.9 5.2-1.1z\"\/><\/svg><\/span><span class=\"shariff-text\" style=\"color:#34af23\">teilen<\/span>&nbsp;<\/a><\/li><li class=\"shariff-button mailto shariff-nocustomcolor\" style=\"background-color:#a8a8a8\"><a href=\"mailto:?body=https%3A%2F%2Fproo.ottensheim.at%2Fhtml%2Fpro-o-unterstuetzen%2F&subject=pro%20O.%20finanziell%20unterst%C3%BCtzen\" title=\"Per E-Mail versenden\" aria-label=\"Per E-Mail versenden\" role=\"button\" rel=\"noopener nofollow\" class=\"shariff-link\" style=\"; background-color:#999; color:#999\"><span class=\"shariff-icon\" style=\"fill:#999\"><svg width=\"32px\" height=\"20px\" xmlns=\"http:\/\/www.w3.org\/2000\/svg\" viewBox=\"0 0 32 32\"><path fill=\"#999\" d=\"M32 12.7v14.2q0 1.2-0.8 2t-2 0.9h-26.3q-1.2 0-2-0.9t-0.8-2v-14.2q0.8 0.9 1.8 1.6 6.5 4.4 8.9 6.1 1 0.8 1.6 1.2t1.7 0.9 2 0.4h0.1q0.9 0 2-0.4t1.7-0.9 1.6-1.2q3-2.2 8.9-6.1 1-0.7 1.8-1.6zM32 7.4q0 1.4-0.9 2.7t-2.2 2.2q-6.7 4.7-8.4 5.8-0.2 0.1-0.7 0.5t-1 0.7-0.9 0.6-1.1 0.5-0.9 0.2h-0.1q-0.4 0-0.9-0.2t-1.1-0.5-0.9-0.6-1-0.7-0.7-0.5q-1.6-1.1-4.7-3.2t-3.6-2.6q-1.1-0.7-2.1-2t-1-2.5q0-1.4 0.7-2.3t2.1-0.9h26.3q1.2 0 2 0.8t0.9 2z\"\/><\/svg><\/span><span class=\"shariff-text\" style=\"color:#999\">E-Mail<\/span>&nbsp;<\/a><\/li><\/ul><\/div>","protected":false},"author":1,"featured_media":0,"parent":0,"menu_order":0,"comment_status":"closed","ping_status":"closed","template":"","meta":{"footnotes":""},"class_list":["post-2407","page","type-page","status-publish","hentry"],"yoast_head":"<!-- This site is optimized with the Yoast SEO plugin v27.3 - https:\/\/yoast.com\/product\/yoast-seo-wordpress\/ -->\n<title>pro O. finanziell unterst\u00fctzen - pro O. - Liste f\u00fcr Ottensheim<\/title>\n<meta name=\"robots\" content=\"index, follow, max-snippet:-1, max-image-preview:large, max-video-preview:-1\" \/>\n<link rel=\"canonical\" href=\"https:\/\/proo.ottensheim.at\/html\/pro-o-unterstuetzen\/\" \/>\n<meta property=\"og:locale\" content=\"de_DE\" \/>\n<meta property=\"og:type\" content=\"article\" \/>\n<meta property=\"og:title\" content=\"pro O. finanziell unterst\u00fctzen - pro O. - Liste f\u00fcr Ottensheim\" \/>\n<meta property=\"og:description\" content=\"Seit der Gr\u00fcndung der B\u00fcrger*innenliste gilt bei pro O. das Prinzip der Selbstfinanzierung. Bisher wurde der Etat aus den Sitzungsbeitr\u00e4gen der Mandatare, den Schulungsgeldern des Landes und den Einnahmen aus diversen Veranstaltungen (z.B. Marillen aus der Wachau, Openair Kino) gespeist. Im Gegensatz zu einer Partei gibt es bei uns keinen verpflichtenden Mitgliedsbeitrag und auch kein Geld aus der Parteienf\u00f6rderung. Mit Beginn der gerade ablaufenden Legislaturperiode wurden leider die Schulungsgelder der BH Urfahr gestrichen, was uns in unserer Selbstfinanzierung und Eigenverantwortung...Weiterlesen Weiterlesen\" \/>\n<meta property=\"og:url\" content=\"https:\/\/proo.ottensheim.at\/html\/pro-o-unterstuetzen\/\" \/>\n<meta property=\"og:site_name\" content=\"pro O. - Liste f\u00fcr Ottensheim\" \/>\n<meta property=\"article:publisher\" content=\"https:\/\/www.facebook.com\/pro-O-liste-f%c3%bcr-ottensheim-667971543238442\/\" \/>\n<meta property=\"article:modified_time\" content=\"2021-11-12T17:27:19+00:00\" \/>\n<meta property=\"og:image\" content=\"https:\/\/proo.ottensheim.at\/html\/wp-content\/uploads\/2021\/06\/pro-spende.png\" \/>\n<meta name=\"twitter:card\" content=\"summary_large_image\" \/>\n<meta name=\"twitter:site\" content=\"@proO_Ottensheim\" \/>\n<meta name=\"twitter:label1\" content=\"Gesch\u00e4tzte Lesezeit\" \/>\n\t<meta name=\"twitter:data1\" content=\"2\u00a0Minuten\" \/>\n<script type=\"application\/ld+json\" class=\"yoast-schema-graph\">{\"@context\":\"https:\\\/\\\/schema.org\",\"@graph\":[{\"@type\":\"WebPage\",\"@id\":\"https:\\\/\\\/proo.ottensheim.at\\\/html\\\/pro-o-unterstuetzen\\\/\",\"url\":\"https:\\\/\\\/proo.ottensheim.at\\\/html\\\/pro-o-unterstuetzen\\\/\",\"name\":\"pro O. finanziell unterst\u00fctzen - pro O. - Liste f\u00fcr Ottensheim\",\"isPartOf\":{\"@id\":\"https:\\\/\\\/proo.ottensheim.at\\\/html\\\/#website\"},\"primaryImageOfPage\":{\"@id\":\"https:\\\/\\\/proo.ottensheim.at\\\/html\\\/pro-o-unterstuetzen\\\/#primaryimage\"},\"image\":{\"@id\":\"https:\\\/\\\/proo.ottensheim.at\\\/html\\\/pro-o-unterstuetzen\\\/#primaryimage\"},\"thumbnailUrl\":\"https:\\\/\\\/proo.ottensheim.at\\\/html\\\/wp-content\\\/uploads\\\/2021\\\/06\\\/pro-spende.png\",\"datePublished\":\"2021-06-16T09:42:10+00:00\",\"dateModified\":\"2021-11-12T17:27:19+00:00\",\"breadcrumb\":{\"@id\":\"https:\\\/\\\/proo.ottensheim.at\\\/html\\\/pro-o-unterstuetzen\\\/#breadcrumb\"},\"inLanguage\":\"de\",\"potentialAction\":[{\"@type\":\"ReadAction\",\"target\":[\"https:\\\/\\\/proo.ottensheim.at\\\/html\\\/pro-o-unterstuetzen\\\/\"]}]},{\"@type\":\"ImageObject\",\"inLanguage\":\"de\",\"@id\":\"https:\\\/\\\/proo.ottensheim.at\\\/html\\\/pro-o-unterstuetzen\\\/#primaryimage\",\"url\":\"https:\\\/\\\/proo.ottensheim.at\\\/html\\\/wp-content\\\/uploads\\\/2021\\\/06\\\/pro-spende.png\",\"contentUrl\":\"https:\\\/\\\/proo.ottensheim.at\\\/html\\\/wp-content\\\/uploads\\\/2021\\\/06\\\/pro-spende.png\",\"width\":897,\"height\":897},{\"@type\":\"BreadcrumbList\",\"@id\":\"https:\\\/\\\/proo.ottensheim.at\\\/html\\\/pro-o-unterstuetzen\\\/#breadcrumb\",\"itemListElement\":[{\"@type\":\"ListItem\",\"position\":1,\"name\":\"Startseite\",\"item\":\"https:\\\/\\\/proo.ottensheim.at\\\/html\\\/\"},{\"@type\":\"ListItem\",\"position\":2,\"name\":\"pro O. finanziell unterst\u00fctzen\"}]},{\"@type\":\"WebSite\",\"@id\":\"https:\\\/\\\/proo.ottensheim.at\\\/html\\\/#website\",\"url\":\"https:\\\/\\\/proo.ottensheim.at\\\/html\\\/\",\"name\":\"pro O. - Liste f\u00fcr Ottensheim\",\"description\":\"\",\"publisher\":{\"@id\":\"https:\\\/\\\/proo.ottensheim.at\\\/html\\\/#organization\"},\"potentialAction\":[{\"@type\":\"SearchAction\",\"target\":{\"@type\":\"EntryPoint\",\"urlTemplate\":\"https:\\\/\\\/proo.ottensheim.at\\\/html\\\/?s={search_term_string}\"},\"query-input\":{\"@type\":\"PropertyValueSpecification\",\"valueRequired\":true,\"valueName\":\"search_term_string\"}}],\"inLanguage\":\"de\"},{\"@type\":\"Organization\",\"@id\":\"https:\\\/\\\/proo.ottensheim.at\\\/html\\\/#organization\",\"name\":\"pro 0. - Liste f\u00fcr Ottensheim\",\"url\":\"https:\\\/\\\/proo.ottensheim.at\\\/html\\\/\",\"logo\":{\"@type\":\"ImageObject\",\"inLanguage\":\"de\",\"@id\":\"https:\\\/\\\/proo.ottensheim.at\\\/html\\\/#\\\/schema\\\/logo\\\/image\\\/\",\"url\":\"https:\\\/\\\/proo.ottensheim.at\\\/html\\\/wp-content\\\/uploads\\\/2017\\\/12\\\/O.-Logo-131x133-1.png\",\"contentUrl\":\"https:\\\/\\\/proo.ottensheim.at\\\/html\\\/wp-content\\\/uploads\\\/2017\\\/12\\\/O.-Logo-131x133-1.png\",\"width\":131,\"height\":133,\"caption\":\"pro 0. - Liste f\u00fcr Ottensheim\"},\"image\":{\"@id\":\"https:\\\/\\\/proo.ottensheim.at\\\/html\\\/#\\\/schema\\\/logo\\\/image\\\/\"},\"sameAs\":[\"https:\\\/\\\/www.facebook.com\\\/pro-O-liste-f\u00fcr-ottensheim-667971543238442\\\/\",\"https:\\\/\\\/x.com\\\/proO_Ottensheim\"]}]}<\/script>\n<!-- \/ Yoast SEO plugin. -->","yoast_head_json":{"title":"pro O. finanziell unterst\u00fctzen - pro O. - Liste f\u00fcr Ottensheim","robots":{"index":"index","follow":"follow","max-snippet":"max-snippet:-1","max-image-preview":"max-image-preview:large","max-video-preview":"max-video-preview:-1"},"canonical":"https:\/\/proo.ottensheim.at\/html\/pro-o-unterstuetzen\/","og_locale":"de_DE","og_type":"article","og_title":"pro O. finanziell unterst\u00fctzen - pro O. - Liste f\u00fcr Ottensheim","og_description":"Seit der Gr\u00fcndung der B\u00fcrger*innenliste gilt bei pro O. das Prinzip der Selbstfinanzierung. Bisher wurde der Etat aus den Sitzungsbeitr\u00e4gen der Mandatare, den Schulungsgeldern des Landes und den Einnahmen aus diversen Veranstaltungen (z.B. Marillen aus der Wachau, Openair Kino) gespeist. Im Gegensatz zu einer Partei gibt es bei uns keinen verpflichtenden Mitgliedsbeitrag und auch kein Geld aus der Parteienf\u00f6rderung. Mit Beginn der gerade ablaufenden Legislaturperiode wurden leider die Schulungsgelder der BH Urfahr gestrichen, was uns in unserer Selbstfinanzierung und Eigenverantwortung...Weiterlesen Weiterlesen","og_url":"https:\/\/proo.ottensheim.at\/html\/pro-o-unterstuetzen\/","og_site_name":"pro O. - Liste f\u00fcr Ottensheim","article_publisher":"https:\/\/www.facebook.com\/pro-O-liste-f%c3%bcr-ottensheim-667971543238442\/","article_modified_time":"2021-11-12T17:27:19+00:00","og_image":[{"url":"https:\/\/proo.ottensheim.at\/html\/wp-content\/uploads\/2021\/06\/pro-spende.png","type":"","width":"","height":""}],"twitter_card":"summary_large_image","twitter_site":"@proO_Ottensheim","twitter_misc":{"Gesch\u00e4tzte Lesezeit":"2\u00a0Minuten"},"schema":{"@context":"https:\/\/schema.org","@graph":[{"@type":"WebPage","@id":"https:\/\/proo.ottensheim.at\/html\/pro-o-unterstuetzen\/","url":"https:\/\/proo.ottensheim.at\/html\/pro-o-unterstuetzen\/","name":"pro O. finanziell unterst\u00fctzen - pro O. - Liste f\u00fcr Ottensheim","isPartOf":{"@id":"https:\/\/proo.ottensheim.at\/html\/#website"},"primaryImageOfPage":{"@id":"https:\/\/proo.ottensheim.at\/html\/pro-o-unterstuetzen\/#primaryimage"},"image":{"@id":"https:\/\/proo.ottensheim.at\/html\/pro-o-unterstuetzen\/#primaryimage"},"thumbnailUrl":"https:\/\/proo.ottensheim.at\/html\/wp-content\/uploads\/2021\/06\/pro-spende.png","datePublished":"2021-06-16T09:42:10+00:00","dateModified":"2021-11-12T17:27:19+00:00","breadcrumb":{"@id":"https:\/\/proo.ottensheim.at\/html\/pro-o-unterstuetzen\/#breadcrumb"},"inLanguage":"de","potentialAction":[{"@type":"ReadAction","target":["https:\/\/proo.ottensheim.at\/html\/pro-o-unterstuetzen\/"]}]},{"@type":"ImageObject","inLanguage":"de","@id":"https:\/\/proo.ottensheim.at\/html\/pro-o-unterstuetzen\/#primaryimage","url":"https:\/\/proo.ottensheim.at\/html\/wp-content\/uploads\/2021\/06\/pro-spende.png","contentUrl":"https:\/\/proo.ottensheim.at\/html\/wp-content\/uploads\/2021\/06\/pro-spende.png","width":897,"height":897},{"@type":"BreadcrumbList","@id":"https:\/\/proo.ottensheim.at\/html\/pro-o-unterstuetzen\/#breadcrumb","itemListElement":[{"@type":"ListItem","position":1,"name":"Startseite","item":"https:\/\/proo.ottensheim.at\/html\/"},{"@type":"ListItem","position":2,"name":"pro O. finanziell unterst\u00fctzen"}]},{"@type":"WebSite","@id":"https:\/\/proo.ottensheim.at\/html\/#website","url":"https:\/\/proo.ottensheim.at\/html\/","name":"pro O. - Liste f\u00fcr Ottensheim","description":"","publisher":{"@id":"https:\/\/proo.ottensheim.at\/html\/#organization"},"potentialAction":[{"@type":"SearchAction","target":{"@type":"EntryPoint","urlTemplate":"https:\/\/proo.ottensheim.at\/html\/?s={search_term_string}"},"query-input":{"@type":"PropertyValueSpecification","valueRequired":true,"valueName":"search_term_string"}}],"inLanguage":"de"},{"@type":"Organization","@id":"https:\/\/proo.ottensheim.at\/html\/#organization","name":"pro 0. - Liste f\u00fcr Ottensheim","url":"https:\/\/proo.ottensheim.at\/html\/","logo":{"@type":"ImageObject","inLanguage":"de","@id":"https:\/\/proo.ottensheim.at\/html\/#\/schema\/logo\/image\/","url":"https:\/\/proo.ottensheim.at\/html\/wp-content\/uploads\/2017\/12\/O.-Logo-131x133-1.png","contentUrl":"https:\/\/proo.ottensheim.at\/html\/wp-content\/uploads\/2017\/12\/O.-Logo-131x133-1.png","width":131,"height":133,"caption":"pro 0. - Liste f\u00fcr Ottensheim"},"image":{"@id":"https:\/\/proo.ottensheim.at\/html\/#\/schema\/logo\/image\/"},"sameAs":["https:\/\/www.facebook.com\/pro-O-liste-f\u00fcr-ottensheim-667971543238442\/","https:\/\/x.com\/proO_Ottensheim"]}]}},"_links":{"self":[{"href":"https:\/\/proo.ottensheim.at\/html\/wp-json\/wp\/v2\/pages\/2407","targetHints":{"allow":["GET"]}}],"collection":[{"href":"https:\/\/proo.ottensheim.at\/html\/wp-json\/wp\/v2\/pages"}],"about":[{"href":"https:\/\/proo.ottensheim.at\/html\/wp-json\/wp\/v2\/types\/page"}],"author":[{"embeddable":true,"href":"https:\/\/proo.ottensheim.at\/html\/wp-json\/wp\/v2\/users\/1"}],"replies":[{"embeddable":true,"href":"https:\/\/proo.ottensheim.at\/html\/wp-json\/wp\/v2\/comments?post=2407"}],"version-history":[{"count":13,"href":"https:\/\/proo.ottensheim.at\/html\/wp-json\/wp\/v2\/pages\/2407\/revisions"}],"predecessor-version":[{"id":2947,"href":"https:\/\/proo.ottensheim.at\/html\/wp-json\/wp\/v2\/pages\/2407\/revisions\/2947"}],"wp:attachment":[{"href":"https:\/\/proo.ottensheim.at\/html\/wp-json\/wp\/v2\/media?parent=2407"}],"curies":[{"name":"wp","href":"https:\/\/api.w.org\/{rel}","templated":true}]}}